{"id":7545,"date":"2017-02-09T22:37:59","date_gmt":"2017-02-10T02:37:59","guid":{"rendered":"https:\/\/www.topmarine.ca\/dev\/?page_id=7545"},"modified":"2017-07-07T10:41:05","modified_gmt":"2017-07-07T14:41:05","slug":"accueil","status":"publish","type":"page","link":"https:\/\/www.topmarine.ca\/powersport\/fr\/","title":{"rendered":"Accueil"},"content":{"rendered":"<h2>Alternateur et D\u00e9marreur<\/h2>\n<p><strong>Powersportcity<\/strong> est un distributeur canadien de pi\u00e8ces \u00e9lectriques pour<em><strong><a href=\"https:\/\/www.topmarine.ca\/powersport\/fr\/product-category\/alternateurs-motos-et-demarreur\/\"> Moto<\/a>, VTT , ATV, Motoneige, Jetski<\/strong><\/em>. Nous vous servons fi\u00e8rement \u00a0\u00e0 partir de notre entrep\u00f4t canadien et notre mission est de vendre des produits de haute qualit\u00e9 \u00e0 des prix exceptionnels tout en offrant un service client exceptionnel!<\/p>\n<p><strong>Powersportcity<\/strong> a l&#8217;\u00e9quipe de service \u00e0 la client\u00e8le la plus qualifi\u00e9e et exp\u00e9riment\u00e9e de l&#8217;industrie! Notre personnel est pr\u00eat \u00e0 r\u00e9pondre \u00e0 toutes vos questions techniques et d&#8217;application. 7j sur 7 9:00 AM \u00c0 \u00a08:00 PM.<\/p>\n<p>Chez<strong> Powersportcity<\/strong>, nous proposons une large gamme d&#8217;unit\u00e9s pour les motos,<em><strong> VTT , ATV, Motoneige, Tondeuse \u00e0 gazon<\/strong><\/em>. Les d\u00e9marreurs, les alternateurs, les g\u00e9n\u00e9rateurs et autres composants \u00e9lectriques mobiles sont disponibles pour l&#8217;exp\u00e9dition de nuit, n&#8217;importe o\u00f9 au Canada.<\/p>\n<h2>Retours et remplacements<\/h2>\n<p>Nous offrons une politique de retour sans complication de 7 jours sur toutes les pi\u00e8ces achet\u00e9es tant que l&#8217;appareil N&#8217; ont JAMAIS \u00e9t\u00e9 install\u00e9 OU Ouvert et est retourn\u00e9 dans sa bo\u00eete d&#8217;origine. Nous serons heureux de payer pour retourner, \u00e9changer ou rembourser un article s&#8217;il y a une erreur. NOTRE OBJECTIF EST UNE SATISFACTION \u00c0 100% DU CLIENT<\/p>\n","protected":false},"excerpt":{"rendered":"<p>Alternateur et D\u00e9marreur Powersportcity est un distributeur canadien de pi\u00e8ces \u00e9lectriques pour Moto, VTT , ATV, Motoneige, Jetski. Nous vous servons fi\u00e8rement \u00a0\u00e0 partir de notre entrep\u00f4t canadien et notre mission est de vendre des produits de haute qualit\u00e9 \u00e0 des prix exceptionnels tout en offrant un service client exceptionnel! Powersportcity a l&#8217;\u00e9quipe de service &hellip; <a href=\"https:\/\/www.topmarine.ca\/powersport\/fr\/\" class=\"more-link\">Continue reading <span class=\"screen-reader-text\">Accueil<\/span><\/a><\/p>\n","protected":false},"author":1,"featured_media":0,"parent":0,"menu_order":6,"comment_status":"closed","ping_status":"closed","template":"FrontEnd.php","meta":{"footnotes":""},"class_list":["post-7545","page","type-page","status-publish","hentry"],"yoast_head":"<!-- This site is optimized with the Yoast SEO plugin v27.2 - https:\/\/yoast.com\/product\/yoast-seo-wordpress\/ -->\n<title>Alternateur et D\u00e9marreur Moto - ATV - Motoneige - Jetski Starter - PowerSportCity<\/title>\n<meta name=\"description\" content=\"Vente en ligne de pi\u00e8ces \u00e9lectriques comme Alternateur et D\u00e9marreur pour Moto, VTT, ATV, Motoneige, Jetski. Powersportcity est la r\u00e9f\u00e9rence livraison rapide\" \/>\n<meta name=\"robots\" content=\"index, follow, max-snippet:-1, max-image-preview:large, max-video-preview:-1\" \/>\n<link rel=\"canonical\" href=\"https:\/\/www.topmarine.ca\/powersport\/fr\/\" \/>\n<meta property=\"og:locale\" content=\"en_US\" \/>\n<meta property=\"og:type\" content=\"article\" \/>\n<meta property=\"og:title\" content=\"Alternateur et D\u00e9marreur Moto - ATV - Motoneige - Jetski Starter - PowerSportCity\" \/>\n<meta property=\"og:description\" content=\"Vente en ligne de pi\u00e8ces \u00e9lectriques comme Alternateur et D\u00e9marreur pour Moto, VTT, ATV, Motoneige, Jetski. Powersportcity est la r\u00e9f\u00e9rence livraison rapide\" \/>\n<meta property=\"og:url\" content=\"https:\/\/www.topmarine.ca\/powersport\/fr\/\" \/>\n<meta property=\"og:site_name\" content=\"PowerSportCity\" \/>\n<meta property=\"article:modified_time\" content=\"2017-07-07T14:41:05+00:00\" \/>\n<meta name=\"twitter:card\" content=\"summary_large_image\" \/>\n<meta name=\"twitter:label1\" content=\"Est. reading time\" \/>\n\t<meta name=\"twitter:data1\" content=\"1 minute\" \/>\n<script type=\"application\/ld+json\" class=\"yoast-schema-graph\">{\"@context\":\"https:\/\/schema.org\",\"@graph\":[{\"@type\":\"WebPage\",\"@id\":\"https:\/\/www.topmarine.ca\/powersport\/fr\/\",\"url\":\"https:\/\/www.topmarine.ca\/powersport\/fr\/\",\"name\":\"Alternateur et D\u00e9marreur Moto - ATV - Motoneige - Jetski Starter\",\"isPartOf\":{\"@id\":\"https:\/\/www.topmarine.ca\/powersport\/#website\"},\"datePublished\":\"2017-02-10T02:37:59+00:00\",\"dateModified\":\"2017-07-07T14:41:05+00:00\",\"description\":\"Vente en ligne de pi\u00e8ces \u00e9lectriques comme Alternateur et D\u00e9marreur pour Moto, VTT, ATV, Motoneige, Jetski. Powersportcity est la r\u00e9f\u00e9rence livraison rapide\",\"breadcrumb\":{\"@id\":\"https:\/\/www.topmarine.ca\/powersport\/fr\/#breadcrumb\"},\"inLanguage\":\"en-CA\",\"potentialAction\":[{\"@type\":\"ReadAction\",\"target\":[\"https:\/\/www.topmarine.ca\/powersport\/fr\/\"]}]},{\"@type\":\"BreadcrumbList\",\"@id\":\"https:\/\/www.topmarine.ca\/powersport\/fr\/#breadcrumb\",\"itemListElement\":[{\"@type\":\"ListItem\",\"position\":1,\"name\":\"Home\",\"item\":\"https:\/\/www.topmarine.ca\/powersport\/en\/\"},{\"@type\":\"ListItem\",\"position\":2,\"name\":\"Accueil\"}]},{\"@type\":\"WebSite\",\"@id\":\"https:\/\/www.topmarine.ca\/powersport\/#website\",\"url\":\"https:\/\/www.topmarine.ca\/powersport\/\",\"name\":\"PowerSportCity\",\"description\":\"Starters and Alternators for SNOWMOBILE, JETSKIS...\",\"potentialAction\":[{\"@type\":\"SearchAction\",\"target\":{\"@type\":\"EntryPoint\",\"urlTemplate\":\"https:\/\/www.topmarine.ca\/powersport\/?s={search_term_string}\"},\"query-input\":{\"@type\":\"PropertyValueSpecification\",\"valueRequired\":true,\"valueName\":\"search_term_string\"}}],\"inLanguage\":\"en-CA\"}]}<\/script>\n<!-- \/ Yoast SEO plugin. -->","yoast_head_json":{"title":"Alternateur et D\u00e9marreur Moto - ATV - Motoneige - Jetski Starter - PowerSportCity","description":"Vente en ligne de pi\u00e8ces \u00e9lectriques comme Alternateur et D\u00e9marreur pour Moto, VTT, ATV, Motoneige, Jetski. Powersportcity est la r\u00e9f\u00e9rence livraison rapide","robots":{"index":"index","follow":"follow","max-snippet":"max-snippet:-1","max-image-preview":"max-image-preview:large","max-video-preview":"max-video-preview:-1"},"canonical":"https:\/\/www.topmarine.ca\/powersport\/fr\/","og_locale":"en_US","og_type":"article","og_title":"Alternateur et D\u00e9marreur Moto - ATV - Motoneige - Jetski Starter - PowerSportCity","og_description":"Vente en ligne de pi\u00e8ces \u00e9lectriques comme Alternateur et D\u00e9marreur pour Moto, VTT, ATV, Motoneige, Jetski. Powersportcity est la r\u00e9f\u00e9rence livraison rapide","og_url":"https:\/\/www.topmarine.ca\/powersport\/fr\/","og_site_name":"PowerSportCity","article_modified_time":"2017-07-07T14:41:05+00:00","twitter_card":"summary_large_image","twitter_misc":{"Est. reading time":"1 minute"},"schema":{"@context":"https:\/\/schema.org","@graph":[{"@type":"WebPage","@id":"https:\/\/www.topmarine.ca\/powersport\/fr\/","url":"https:\/\/www.topmarine.ca\/powersport\/fr\/","name":"Alternateur et D\u00e9marreur Moto - ATV - Motoneige - Jetski Starter","isPartOf":{"@id":"https:\/\/www.topmarine.ca\/powersport\/#website"},"datePublished":"2017-02-10T02:37:59+00:00","dateModified":"2017-07-07T14:41:05+00:00","description":"Vente en ligne de pi\u00e8ces \u00e9lectriques comme Alternateur et D\u00e9marreur pour Moto, VTT, ATV, Motoneige, Jetski. Powersportcity est la r\u00e9f\u00e9rence livraison rapide","breadcrumb":{"@id":"https:\/\/www.topmarine.ca\/powersport\/fr\/#breadcrumb"},"inLanguage":"en-CA","potentialAction":[{"@type":"ReadAction","target":["https:\/\/www.topmarine.ca\/powersport\/fr\/"]}]},{"@type":"BreadcrumbList","@id":"https:\/\/www.topmarine.ca\/powersport\/fr\/#breadcrumb","itemListElement":[{"@type":"ListItem","position":1,"name":"Home","item":"https:\/\/www.topmarine.ca\/powersport\/en\/"},{"@type":"ListItem","position":2,"name":"Accueil"}]},{"@type":"WebSite","@id":"https:\/\/www.topmarine.ca\/powersport\/#website","url":"https:\/\/www.topmarine.ca\/powersport\/","name":"PowerSportCity","description":"Starters and Alternators for SNOWMOBILE, JETSKIS...","potentialAction":[{"@type":"SearchAction","target":{"@type":"EntryPoint","urlTemplate":"https:\/\/www.topmarine.ca\/powersport\/?s={search_term_string}"},"query-input":{"@type":"PropertyValueSpecification","valueRequired":true,"valueName":"search_term_string"}}],"inLanguage":"en-CA"}]}},"_links":{"self":[{"href":"https:\/\/www.topmarine.ca\/powersport\/wp-json\/wp\/v2\/pages\/7545","targetHints":{"allow":["GET"]}}],"collection":[{"href":"https:\/\/www.topmarine.ca\/powersport\/wp-json\/wp\/v2\/pages"}],"about":[{"href":"https:\/\/www.topmarine.ca\/powersport\/wp-json\/wp\/v2\/types\/page"}],"author":[{"embeddable":true,"href":"https:\/\/www.topmarine.ca\/powersport\/wp-json\/wp\/v2\/users\/1"}],"replies":[{"embeddable":true,"href":"https:\/\/www.topmarine.ca\/powersport\/wp-json\/wp\/v2\/comments?post=7545"}],"version-history":[{"count":0,"href":"https:\/\/www.topmarine.ca\/powersport\/wp-json\/wp\/v2\/pages\/7545\/revisions"}],"wp:attachment":[{"href":"https:\/\/www.topmarine.ca\/powersport\/wp-json\/wp\/v2\/media?parent=7545"}],"curies":[{"name":"wp","href":"https:\/\/api.w.org\/{rel}","templated":true}]}}